{"id":98,"date":"2018-07-23T16:29:15","date_gmt":"2018-07-23T16:29:15","guid":{"rendered":"http:\/\/ascamai.com.br\/?page_id=98"},"modified":"2018-10-23T17:31:06","modified_gmt":"2018-10-23T17:31:06","slug":"noticias","status":"publish","type":"page","link":"https:\/\/ascamai.com.br\/?page_id=98","title":{"rendered":"Not\u00edcias"},"content":{"rendered":"<div id=\"dslc-main\">\n\t\t<div  class=\"dslc-modules-section \" style=\"\" data-section-id=\"823e321ca2f\">\n\t\t\t\t\n\t\t\t\t\n\t\t\t\t<div class=\"dslc-modules-section-wrapper dslc-clearfix\"><div class=\"dslc-modules-area dslc-col dslc-12-col dslc-last-col\" data-size=\"12\" data-valign=\"\">\n\t\t<div id=\"dslc-module-895a046a160\" class=\"dslc-module-front dslc-module-DSLC_TP_Title dslc-in-viewport-check dslc-in-viewport-anim-none  dslc-col dslc-12-col dslc-last-col  dslc-module-handle-like-regular \" data-module-id=\"895a046a160\" data-module=\"DSLC_TP_Title\" data-dslc-module-size=\"12\" data-dslc-anim=\"none\" data-dslc-anim-delay=\"\" data-dslc-anim-duration=\"650\"  data-dslc-anim-easing=\"ease\" data-dslc-preset=\"none\" >\n\n\t\t\t\n\t\t\t\n\t\t\n\t\t\t\t<div class=\"dslc-tp-title\"><h1>Not\u00edcias<\/h1><\/div>\n\n\t\t\t\n\t\t\t\t<\/div><!-- .dslc-module -->\n\t\t\n\t\t<div id=\"dslc-module-9f51699b957\" class=\"dslc-module-front dslc-module-DSLC_Posts dslc-in-viewport-check dslc-in-viewport-anim-none  dslc-col dslc-12-col dslc-last-col  dslc-module-handle-like-regular \" data-module-id=\"9f51699b957\" data-module=\"DSLC_Posts\" data-dslc-module-size=\"12\" data-dslc-anim=\"none\" data-dslc-anim-delay=\"\" data-dslc-anim-duration=\"650\"  data-dslc-anim-easing=\"ease\" data-dslc-preset=\"none\" >\n\n\t\t\t\n\t\t\t\n\t\t\t\t<div class=\"dslc-posts dslc-cpt-posts dslc-clearfix dslc-cpt-posts-type-masonry dslc-posts-orientation-horizontal dslc-init-masonry \">\n\n\t\t\t\n\t\t\t<div class=\"dslc-posts-inner\">\n\t\t\t\t\t<div class=\"dslc-post dslc-cpt-post dslc-masonry-item dslc-col dslc-12-col  dslc-last-col\" data-cats=\"\">\n\t\t\t\t\t\t\t\t\t\t\t\t\t\t\t\t\t\t\t\t\n\t\t\t\t\t\t\t\t<div class=\"dslc-post-thumb dslc-cpt-post-thumb dslc-on-hover-anim\">\n\n\t\t\t\t\t\t\t\t\t<div class=\"dslc-cpt-post-thumb-inner dslca-post-thumb\">\n\t\t\t\t\t\t\t\t\t\t\n\t\t\t\t\t\t\t\t\t\t\t\t\t\t\t\t\t\t\t\t\t<a href=\"https:\/\/ascamai.com.br\/?p=302\" class=\"\"><img width=\"791\" height=\"555\" src=\"https:\/\/ascamai.com.br\/wp-content\/uploads\/2022\/02\/capa-boletim-1.png\" class=\"attachment-full size-full wp-post-image\" alt=\"\" loading=\"lazy\" title=\"capa-boletim-1\" srcset=\"https:\/\/ascamai.com.br\/wp-content\/uploads\/2022\/02\/capa-boletim-1.png 791w, https:\/\/ascamai.com.br\/wp-content\/uploads\/2022\/02\/capa-boletim-1-300x210.png 300w, https:\/\/ascamai.com.br\/wp-content\/uploads\/2022\/02\/capa-boletim-1-768x539.png 768w\" sizes=\"(max-width: 791px) 100vw, 791px\" \/><\/a>\n\t\t\t\t\t\t\t\t\t\t\t\t\t\t\t\t\t\t\t<\/div><!-- .dslc-cpt-post-thumb-inner -->\n\n\t\t\t\t\t\t\t\t\t\n\t\t\t\t\t\t\t\t<\/div><!-- .dslc-cpt-post-thumb -->\n\n\t\t\t\t\t\t\t\t\t\t\t\t\t\n\t\t\t\t\t\t\n\t\t\t\t\t\t\t<div class=\"dslc-post-main dslc-cpt-post-main\">\n\n\t\t\t\t\t\t\t\t\n\t\t\t\t\t\t\t\t\t<div class=\"dslc-cpt-post-title\">\n\t\t\t\t\t\t\t\t\t\t<h2><a href=\"https:\/\/ascamai.com.br\/?p=302\">Projeto lan\u00e7a primeira edi\u00e7\u00e3o do boletim quadrimestral \u201cVozes em Rede\u201d<\/a><\/h2>\n\t\t\t\t\t\t\t\t\t<\/div><!-- .dslc-cpt-post-title -->\n\n\t\t\t\t\t\t\t\t\n\t\t\t\t\t\t\t\t\n\t\t\t\t\t\t\t\t\t\n\t\t\t\t\t\t\t\t\t<div class=\"dslc-cpt-post-meta\">\n\n\t\t\t\t\t\t\t\t\t\t\t\t\t\t\t\t\t\t\t\t\t<div class=\"dslc-cpt-post-meta-author\">\n\t\t\t\t\t\t\t\t\t\t\t\tBy <a href=\"https:\/\/ascamai.com.br\/?author=1\" title=\"Posts de admin\" rel=\"author\">admin<\/a>\t\t\t\t\t\t\t\t\t\t\t<\/div><!-- .dslc-cpt-post-meta-author -->\n\t\t\t\t\t\t\t\t\t\t\n\t\t\t\t\t\t\t\t\t\t\t\t\t\t\t\t\t\t\t\t\t<div class=\"dslc-cpt-post-meta-date\">\n\t\t\t\t\t\t\t\t\t\t\t\tjaneiro 31, 2022\t\t\t\t\t\t\t\t\t\t\t<\/div><!-- .dslc-cpt-post-meta-date -->\n\t\t\t\t\t\t\t\t\t\t\n\t\t\t\t\t\t\t\t\t<\/div><!-- .dslc-cpt-post-meta -->\n\n\t\t\t\t\t\t\t\t\n\t\t\t\t\t\t\t\t\t\t\t\t\t\t\t\t\t<div class=\"dslc-cpt-post-excerpt\">\n\t\t\t\t\t\t\t\t\t\t\t\t\t\t\t\t\t\t\t\t\tNa \u00faltima sexta-feira, 28, o Projeto Rede Solid\u00e1ria de Mulheres de Sergipe, realizado pela Associa\u00e7\u00e3o das Catadoras de Mangaba de Sergipe em parceria com a Petrobras e apoio da Universidade Federal de Sergipe, lan\u00e7ou a primeira edi\u00e7\u00e3o do boletim quadrimestral \u201cVozes em Rede\u201d, um produto de comunica\u00e7\u00e3o que re\u00fane o registro das principais a\u00e7\u00f5es desenvolvidas pelo projeto a cada quatro meses. Esta primeira edi\u00e7\u00e3o foi aberta com o editorial escrito pela Catadora de Mangaba, Tainara Vidal, moradora do Povoado Ribuleirinha,&hellip;\t\t\t\t\t\t\t\t\t\t\t\t\t\t\t\t\t\t\t<\/div><!-- .dslc-cpt-post-excerpt -->\n\n\t\t\t\t\t\t\t\t\n\t\t\t\t\t\t\t\t\n\t\t\t\t\t\t\t\t\t<div class=\"dslc-cpt-post-read-more\">\n\t\t\t\t\t\t\t\t\t\t<a href=\"https:\/\/ascamai.com.br\/?p=302\">\n\t\t\t\t\t\t\t\t\t\t\t\t\t\t\t\t\t\t\t\t\t\t\t<span class=\"dslc-icon dslc-icon-\"><\/span>\n\t\t\t\t\t\t\t\t\t\t\t\t\t\t\t\t\t\t\t\t\t\tLeia mais\t\t\t\t\t\t\t\t\t\t<\/a>\n\t\t\t\t\t\t\t\t\t<\/div><!-- .dslc-cpt-post-read-more -->\n\n\t\t\t\t\t\t\t\t\n\t\t\t\t\t\t\t<\/div><!-- .dslc-cpt-post-main -->\n\n\t\t\t\t\t\t\n\t\t\t\t\t<\/div><!-- .dslc-cpt-post -->\n\t\t\t\t\t<div class=\"dslc-post dslc-cpt-post dslc-masonry-item dslc-col dslc-12-col  dslc-last-col\" data-cats=\"\">\n\t\t\t\t\t\t\t\t\t\t\t\t\t\t\t\t\t\t\t\t\n\t\t\t\t\t\t\t\t<div class=\"dslc-post-thumb dslc-cpt-post-thumb dslc-on-hover-anim\">\n\n\t\t\t\t\t\t\t\t\t<div class=\"dslc-cpt-post-thumb-inner dslca-post-thumb\">\n\t\t\t\t\t\t\t\t\t\t\n\t\t\t\t\t\t\t\t\t\t\t\t\t\t\t\t\t\t\t\t\t<a href=\"https:\/\/ascamai.com.br\/?p=299\" class=\"\"><img width=\"1080\" height=\"1080\" src=\"https:\/\/ascamai.com.br\/wp-content\/uploads\/2022\/02\/WhatsApp-Image-2022-01-25-at-13.20.03.jpeg\" class=\"attachment-full size-full wp-post-image\" alt=\"\" loading=\"lazy\" title=\"WhatsApp-Image-2022-01-25-at-13.20.03\" srcset=\"https:\/\/ascamai.com.br\/wp-content\/uploads\/2022\/02\/WhatsApp-Image-2022-01-25-at-13.20.03.jpeg 1080w, https:\/\/ascamai.com.br\/wp-content\/uploads\/2022\/02\/WhatsApp-Image-2022-01-25-at-13.20.03-300x300.jpeg 300w, https:\/\/ascamai.com.br\/wp-content\/uploads\/2022\/02\/WhatsApp-Image-2022-01-25-at-13.20.03-1024x1024.jpeg 1024w, https:\/\/ascamai.com.br\/wp-content\/uploads\/2022\/02\/WhatsApp-Image-2022-01-25-at-13.20.03-150x150.jpeg 150w, https:\/\/ascamai.com.br\/wp-content\/uploads\/2022\/02\/WhatsApp-Image-2022-01-25-at-13.20.03-768x768.jpeg 768w\" sizes=\"(max-width: 1080px) 100vw, 1080px\" \/><\/a>\n\t\t\t\t\t\t\t\t\t\t\t\t\t\t\t\t\t\t\t<\/div><!-- .dslc-cpt-post-thumb-inner -->\n\n\t\t\t\t\t\t\t\t\t\n\t\t\t\t\t\t\t\t<\/div><!-- .dslc-cpt-post-thumb -->\n\n\t\t\t\t\t\t\t\t\t\t\t\t\t\n\t\t\t\t\t\t\n\t\t\t\t\t\t\t<div class=\"dslc-post-main dslc-cpt-post-main\">\n\n\t\t\t\t\t\t\t\t\n\t\t\t\t\t\t\t\t\t<div class=\"dslc-cpt-post-title\">\n\t\t\t\t\t\t\t\t\t\t<h2><a href=\"https:\/\/ascamai.com.br\/?p=299\">Carm\u00f3polis: fortes chuvas causam preju\u00edzo em munic\u00edpio de atua\u00e7\u00e3o da Rede Solid\u00e1ria de Mulheres<\/a><\/h2>\n\t\t\t\t\t\t\t\t\t<\/div><!-- .dslc-cpt-post-title -->\n\n\t\t\t\t\t\t\t\t\n\t\t\t\t\t\t\t\t\n\t\t\t\t\t\t\t\t\t\n\t\t\t\t\t\t\t\t\t<div class=\"dslc-cpt-post-meta\">\n\n\t\t\t\t\t\t\t\t\t\t\t\t\t\t\t\t\t\t\t\t\t<div class=\"dslc-cpt-post-meta-author\">\n\t\t\t\t\t\t\t\t\t\t\t\tBy <a href=\"https:\/\/ascamai.com.br\/?author=1\" title=\"Posts de admin\" rel=\"author\">admin<\/a>\t\t\t\t\t\t\t\t\t\t\t<\/div><!-- .dslc-cpt-post-meta-author -->\n\t\t\t\t\t\t\t\t\t\t\n\t\t\t\t\t\t\t\t\t\t\t\t\t\t\t\t\t\t\t\t\t<div class=\"dslc-cpt-post-meta-date\">\n\t\t\t\t\t\t\t\t\t\t\t\tjaneiro 26, 2022\t\t\t\t\t\t\t\t\t\t\t<\/div><!-- .dslc-cpt-post-meta-date -->\n\t\t\t\t\t\t\t\t\t\t\n\t\t\t\t\t\t\t\t\t<\/div><!-- .dslc-cpt-post-meta -->\n\n\t\t\t\t\t\t\t\t\n\t\t\t\t\t\t\t\t\t\t\t\t\t\t\t\t\t<div class=\"dslc-cpt-post-excerpt\">\n\t\t\t\t\t\t\t\t\t\t\t\t\t\t\t\t\t\t\t\t\tNos \u00faltimos anos, houve um aumento da intensidade das chuvas e uma maior ocorr\u00eancia de cat\u00e1strofes ambientais pelo pa\u00eds. Trag\u00e9dias como a ocorrida em Capit\u00f3lio (MG) com o desabamento de uma rocha do c\u00e2nion, fazendo v\u00e1rias v\u00edtimas fatais \u00e9 um exemplo recente. A instabilidade e altera\u00e7\u00e3o dos fen\u00f4menos naturais podem ser causadas tamb\u00e9m pelo chamado aquecimento global e o descontrole na explora\u00e7\u00e3o do meio ambiente. Aqui em Sergipe, tamb\u00e9m somos acometidos por esses fen\u00f4menos tanto na capital, como no interior&hellip;\t\t\t\t\t\t\t\t\t\t\t\t\t\t\t\t\t\t\t<\/div><!-- .dslc-cpt-post-excerpt -->\n\n\t\t\t\t\t\t\t\t\n\t\t\t\t\t\t\t\t\n\t\t\t\t\t\t\t\t\t<div class=\"dslc-cpt-post-read-more\">\n\t\t\t\t\t\t\t\t\t\t<a href=\"https:\/\/ascamai.com.br\/?p=299\">\n\t\t\t\t\t\t\t\t\t\t\t\t\t\t\t\t\t\t\t\t\t\t\t<span class=\"dslc-icon dslc-icon-\"><\/span>\n\t\t\t\t\t\t\t\t\t\t\t\t\t\t\t\t\t\t\t\t\t\tLeia mais\t\t\t\t\t\t\t\t\t\t<\/a>\n\t\t\t\t\t\t\t\t\t<\/div><!-- .dslc-cpt-post-read-more -->\n\n\t\t\t\t\t\t\t\t\n\t\t\t\t\t\t\t<\/div><!-- .dslc-cpt-post-main -->\n\n\t\t\t\t\t\t\n\t\t\t\t\t<\/div><!-- .dslc-cpt-post -->\n\t\t\t\t\t<div class=\"dslc-post dslc-cpt-post dslc-masonry-item dslc-col dslc-12-col  dslc-last-col\" data-cats=\"\">\n\t\t\t\t\t\t\t\t\t\t\t\t\t\t\t\t\t\t\t\t\n\t\t\t\t\t\t\t\t<div class=\"dslc-post-thumb dslc-cpt-post-thumb dslc-on-hover-anim\">\n\n\t\t\t\t\t\t\t\t\t<div class=\"dslc-cpt-post-thumb-inner dslca-post-thumb\">\n\t\t\t\t\t\t\t\t\t\t\n\t\t\t\t\t\t\t\t\t\t\t\t\t\t\t\t\t\t\t\t\t<a href=\"https:\/\/ascamai.com.br\/?p=296\" class=\"\"><img width=\"1600\" height=\"900\" src=\"https:\/\/ascamai.com.br\/wp-content\/uploads\/2022\/02\/WhatsApp-Image-2022-01-25-at-13.19.38.jpeg\" class=\"attachment-full size-full wp-post-image\" alt=\"\" loading=\"lazy\" title=\"WhatsApp-Image-2022-01-25-at-13.19.38\" srcset=\"https:\/\/ascamai.com.br\/wp-content\/uploads\/2022\/02\/WhatsApp-Image-2022-01-25-at-13.19.38.jpeg 1600w, https:\/\/ascamai.com.br\/wp-content\/uploads\/2022\/02\/WhatsApp-Image-2022-01-25-at-13.19.38-300x169.jpeg 300w, https:\/\/ascamai.com.br\/wp-content\/uploads\/2022\/02\/WhatsApp-Image-2022-01-25-at-13.19.38-1024x576.jpeg 1024w, https:\/\/ascamai.com.br\/wp-content\/uploads\/2022\/02\/WhatsApp-Image-2022-01-25-at-13.19.38-768x432.jpeg 768w, https:\/\/ascamai.com.br\/wp-content\/uploads\/2022\/02\/WhatsApp-Image-2022-01-25-at-13.19.38-1536x864.jpeg 1536w\" sizes=\"(max-width: 1600px) 100vw, 1600px\" \/><\/a>\n\t\t\t\t\t\t\t\t\t\t\t\t\t\t\t\t\t\t\t<\/div><!-- .dslc-cpt-post-thumb-inner -->\n\n\t\t\t\t\t\t\t\t\t\n\t\t\t\t\t\t\t\t<\/div><!-- .dslc-cpt-post-thumb -->\n\n\t\t\t\t\t\t\t\t\t\t\t\t\t\n\t\t\t\t\t\t\n\t\t\t\t\t\t\t<div class=\"dslc-post-main dslc-cpt-post-main\">\n\n\t\t\t\t\t\t\t\t\n\t\t\t\t\t\t\t\t\t<div class=\"dslc-cpt-post-title\">\n\t\t\t\t\t\t\t\t\t\t<h2><a href=\"https:\/\/ascamai.com.br\/?p=296\">Projeto Rede Solid\u00e1ria de Mulheres inicia oficinas de patchwork no munic\u00edpio de Carm\u00f3polis<\/a><\/h2>\n\t\t\t\t\t\t\t\t\t<\/div><!-- .dslc-cpt-post-title -->\n\n\t\t\t\t\t\t\t\t\n\t\t\t\t\t\t\t\t\n\t\t\t\t\t\t\t\t\t\n\t\t\t\t\t\t\t\t\t<div class=\"dslc-cpt-post-meta\">\n\n\t\t\t\t\t\t\t\t\t\t\t\t\t\t\t\t\t\t\t\t\t<div class=\"dslc-cpt-post-meta-author\">\n\t\t\t\t\t\t\t\t\t\t\t\tBy <a href=\"https:\/\/ascamai.com.br\/?author=1\" title=\"Posts de admin\" rel=\"author\">admin<\/a>\t\t\t\t\t\t\t\t\t\t\t<\/div><!-- .dslc-cpt-post-meta-author -->\n\t\t\t\t\t\t\t\t\t\t\n\t\t\t\t\t\t\t\t\t\t\t\t\t\t\t\t\t\t\t\t\t<div class=\"dslc-cpt-post-meta-date\">\n\t\t\t\t\t\t\t\t\t\t\t\tjaneiro 24, 2022\t\t\t\t\t\t\t\t\t\t\t<\/div><!-- .dslc-cpt-post-meta-date -->\n\t\t\t\t\t\t\t\t\t\t\n\t\t\t\t\t\t\t\t\t<\/div><!-- .dslc-cpt-post-meta -->\n\n\t\t\t\t\t\t\t\t\n\t\t\t\t\t\t\t\t\t\t\t\t\t\t\t\t\t<div class=\"dslc-cpt-post-excerpt\">\n\t\t\t\t\t\t\t\t\t\t\t\t\t\t\t\t\t\t\t\t\tO Projeto Rede Solid\u00e1ria de Mulheres, realizado pela Associa\u00e7\u00e3o de Catadoras de Mangaba de Indiaroba (Ascamai), em parceria com a Petrobras e com apoio do Movimento de Catadoras de Mangaba de Sergipe (MCM) e da Universidade Federal de Sergipe (UFS), iniciou oficinas de patchwork no munic\u00edpio de Carm\u00f3polis. A proposta das oficinas \u00e9 a de proporcionar as mulheres de Carm\u00f3polis mais uma possibilidade de trabalho visando sua emancipa\u00e7\u00e3o e independ\u00eancia financeira. As participantes das oficinas s\u00e3o as mulheres que j\u00e1&hellip;\t\t\t\t\t\t\t\t\t\t\t\t\t\t\t\t\t\t\t<\/div><!-- .dslc-cpt-post-excerpt -->\n\n\t\t\t\t\t\t\t\t\n\t\t\t\t\t\t\t\t\n\t\t\t\t\t\t\t\t\t<div class=\"dslc-cpt-post-read-more\">\n\t\t\t\t\t\t\t\t\t\t<a href=\"https:\/\/ascamai.com.br\/?p=296\">\n\t\t\t\t\t\t\t\t\t\t\t\t\t\t\t\t\t\t\t\t\t\t\t<span class=\"dslc-icon dslc-icon-\"><\/span>\n\t\t\t\t\t\t\t\t\t\t\t\t\t\t\t\t\t\t\t\t\t\tLeia mais\t\t\t\t\t\t\t\t\t\t<\/a>\n\t\t\t\t\t\t\t\t\t<\/div><!-- .dslc-cpt-post-read-more -->\n\n\t\t\t\t\t\t\t\t\n\t\t\t\t\t\t\t<\/div><!-- .dslc-cpt-post-main -->\n\n\t\t\t\t\t\t\n\t\t\t\t\t<\/div><!-- .dslc-cpt-post -->\n\t\t\t\t\t<div class=\"dslc-post dslc-cpt-post dslc-masonry-item dslc-col dslc-12-col  dslc-last-col\" data-cats=\"\">\n\t\t\t\t\t\t\t\t\t\t\t\t\t\t\t\t\t\t\t\t\n\t\t\t\t\t\t\t\t<div class=\"dslc-post-thumb dslc-cpt-post-thumb dslc-on-hover-anim\">\n\n\t\t\t\t\t\t\t\t\t<div class=\"dslc-cpt-post-thumb-inner dslca-post-thumb\">\n\t\t\t\t\t\t\t\t\t\t\n\t\t\t\t\t\t\t\t\t\t\t\t\t\t\t\t\t\t\t\t\t<a href=\"https:\/\/ascamai.com.br\/?p=293\" class=\"\"><img width=\"1080\" height=\"1080\" src=\"https:\/\/ascamai.com.br\/wp-content\/uploads\/2022\/02\/Alyne-Fontes-2.jpeg\" class=\"attachment-full size-full wp-post-image\" alt=\"\" loading=\"lazy\" title=\"Alyne-Fontes-2\" srcset=\"https:\/\/ascamai.com.br\/wp-content\/uploads\/2022\/02\/Alyne-Fontes-2.jpeg 1080w, https:\/\/ascamai.com.br\/wp-content\/uploads\/2022\/02\/Alyne-Fontes-2-300x300.jpeg 300w, https:\/\/ascamai.com.br\/wp-content\/uploads\/2022\/02\/Alyne-Fontes-2-1024x1024.jpeg 1024w, https:\/\/ascamai.com.br\/wp-content\/uploads\/2022\/02\/Alyne-Fontes-2-150x150.jpeg 150w, https:\/\/ascamai.com.br\/wp-content\/uploads\/2022\/02\/Alyne-Fontes-2-768x768.jpeg 768w\" sizes=\"(max-width: 1080px) 100vw, 1080px\" \/><\/a>\n\t\t\t\t\t\t\t\t\t\t\t\t\t\t\t\t\t\t\t<\/div><!-- .dslc-cpt-post-thumb-inner -->\n\n\t\t\t\t\t\t\t\t\t\n\t\t\t\t\t\t\t\t<\/div><!-- .dslc-cpt-post-thumb -->\n\n\t\t\t\t\t\t\t\t\t\t\t\t\t\n\t\t\t\t\t\t\n\t\t\t\t\t\t\t<div class=\"dslc-post-main dslc-cpt-post-main\">\n\n\t\t\t\t\t\t\t\t\n\t\t\t\t\t\t\t\t\t<div class=\"dslc-cpt-post-title\">\n\t\t\t\t\t\t\t\t\t\t<h2><a href=\"https:\/\/ascamai.com.br\/?p=293\">Rede Solid\u00e1ria de Mulheres realiza oficinas de agroecologia em escolas de Aracaju e Est\u00e2ncia<\/a><\/h2>\n\t\t\t\t\t\t\t\t\t<\/div><!-- .dslc-cpt-post-title -->\n\n\t\t\t\t\t\t\t\t\n\t\t\t\t\t\t\t\t\n\t\t\t\t\t\t\t\t\t\n\t\t\t\t\t\t\t\t\t<div class=\"dslc-cpt-post-meta\">\n\n\t\t\t\t\t\t\t\t\t\t\t\t\t\t\t\t\t\t\t\t\t<div class=\"dslc-cpt-post-meta-author\">\n\t\t\t\t\t\t\t\t\t\t\t\tBy <a href=\"https:\/\/ascamai.com.br\/?author=1\" title=\"Posts de admin\" rel=\"author\">admin<\/a>\t\t\t\t\t\t\t\t\t\t\t<\/div><!-- .dslc-cpt-post-meta-author -->\n\t\t\t\t\t\t\t\t\t\t\n\t\t\t\t\t\t\t\t\t\t\t\t\t\t\t\t\t\t\t\t\t<div class=\"dslc-cpt-post-meta-date\">\n\t\t\t\t\t\t\t\t\t\t\t\tjaneiro 19, 2022\t\t\t\t\t\t\t\t\t\t\t<\/div><!-- .dslc-cpt-post-meta-date -->\n\t\t\t\t\t\t\t\t\t\t\n\t\t\t\t\t\t\t\t\t<\/div><!-- .dslc-cpt-post-meta -->\n\n\t\t\t\t\t\t\t\t\n\t\t\t\t\t\t\t\t\t\t\t\t\t\t\t\t\t<div class=\"dslc-cpt-post-excerpt\">\n\t\t\t\t\t\t\t\t\t\t\t\t\t\t\t\t\t\t\t\t\tA Rede Solid\u00e1ria de Mulheres, projeto realizado pela Associa\u00e7\u00e3o de Catadoras de Mangaba de Indiaroba (Ascamai), em parceria com a Petrobras e apoio da Universidade Federal de Sergipe (UFS) e o Movimento de Catadoras de Mangaba de Sergipe (MCM), firmou parcerias para o ano de 2022 com o Centro de Excel\u00eancia Prof\u00ba Jos\u00e9 Carlos de Souza, em Aracaju, e a Escola Municipal Dr. Pedro Soares, no povoado Ribuleirinha, em Est\u00e2ncia. Nos dois ambientes escolares ser\u00e3o realizadas oficinas de agroecologia, j\u00e1&hellip;\t\t\t\t\t\t\t\t\t\t\t\t\t\t\t\t\t\t\t<\/div><!-- .dslc-cpt-post-excerpt -->\n\n\t\t\t\t\t\t\t\t\n\t\t\t\t\t\t\t\t\n\t\t\t\t\t\t\t\t\t<div class=\"dslc-cpt-post-read-more\">\n\t\t\t\t\t\t\t\t\t\t<a href=\"https:\/\/ascamai.com.br\/?p=293\">\n\t\t\t\t\t\t\t\t\t\t\t\t\t\t\t\t\t\t\t\t\t\t\t<span class=\"dslc-icon dslc-icon-\"><\/span>\n\t\t\t\t\t\t\t\t\t\t\t\t\t\t\t\t\t\t\t\t\t\tLeia mais\t\t\t\t\t\t\t\t\t\t<\/a>\n\t\t\t\t\t\t\t\t\t<\/div><!-- .dslc-cpt-post-read-more -->\n\n\t\t\t\t\t\t\t\t\n\t\t\t\t\t\t\t<\/div><!-- .dslc-cpt-post-main -->\n\n\t\t\t\t\t\t\n\t\t\t\t\t<\/div><!-- .dslc-cpt-post -->\t\t\t<\/div><!--.dslc-posts-inner -->\n\n\t\t\t\n\t\t<\/div><!-- .dslc-cpt-posts -->\n\t\t\t\t<\/div><!-- .dslc-module -->\n\t\t<\/div><\/div><\/div><\/div>","protected":false},"excerpt":{"rendered":"<p>janeiro 19, 2022 admin Rede Solid\u00e1ria de Mulheres realiza oficinas de agroecologia em escolas de Aracaju e Est\u00e2ncia \u00daltimas Not\u00edcias Projeto lan\u00e7a primeira edi\u00e7\u00e3o do boletim quadrimestral \u201cVozes em Rede\u201d janeiro 31, 2022 Carm\u00f3polis: fortes chuvas causam preju\u00edzo em munic\u00edpio de atua\u00e7\u00e3o da Rede Solid\u00e1ria de Mulheres janeiro 26, 2022 Projeto Rede Solid\u00e1ria de Mulheres [&hellip;]<\/p>\n","protected":false},"author":1,"featured_media":0,"parent":0,"menu_order":0,"comment_status":"closed","ping_status":"closed","template":"","meta":[],"_links":{"self":[{"href":"https:\/\/ascamai.com.br\/index.php?rest_route=\/wp\/v2\/pages\/98"}],"collection":[{"href":"https:\/\/ascamai.com.br\/index.php?rest_route=\/wp\/v2\/pages"}],"about":[{"href":"https:\/\/ascamai.com.br\/index.php?rest_route=\/wp\/v2\/types\/page"}],"author":[{"embeddable":true,"href":"https:\/\/ascamai.com.br\/index.php?rest_route=\/wp\/v2\/users\/1"}],"replies":[{"embeddable":true,"href":"https:\/\/ascamai.com.br\/index.php?rest_route=%2Fwp%2Fv2%2Fcomments&post=98"}],"version-history":[{"count":1,"href":"https:\/\/ascamai.com.br\/index.php?rest_route=\/wp\/v2\/pages\/98\/revisions"}],"predecessor-version":[{"id":99,"href":"https:\/\/ascamai.com.br\/index.php?rest_route=\/wp\/v2\/pages\/98\/revisions\/99"}],"wp:attachment":[{"href":"https:\/\/ascamai.com.br\/index.php?rest_route=%2Fwp%2Fv2%2Fmedia&parent=98"}],"curies":[{"name":"wp","href":"https:\/\/api.w.org\/{rel}","templated":true}]}}