{"id":116,"date":"2018-07-23T16:31:35","date_gmt":"2018-07-23T16:31:35","guid":{"rendered":"http:\/\/ascamai.com.br\/?page_id=116"},"modified":"2018-07-25T13:02:28","modified_gmt":"2018-07-25T13:02:28","slug":"nossa-historia","status":"publish","type":"page","link":"https:\/\/ascamai.com.br\/?page_id=116","title":{"rendered":"Nossa Hist\u00f3ria"},"content":{"rendered":"<div id=\"dslc-main\">\n\t\t<div  class=\"dslc-modules-section \" style=\"\" data-section-id=\"823e321ca2f\">\n\t\t\t\t\n\t\t\t\t\n\t\t\t\t<div class=\"dslc-modules-section-wrapper dslc-clearfix\"><div class=\"dslc-modules-area dslc-col dslc-12-col dslc-last-col\" data-size=\"12\" data-valign=\"\">\n\t\t<div id=\"dslc-module-ba615675633\" class=\"dslc-module-front dslc-module-DSLC_TP_Title dslc-in-viewport-check dslc-in-viewport-anim-none  dslc-col dslc-12-col dslc-last-col  dslc-module-handle-like-regular \" data-module-id=\"ba615675633\" data-module=\"DSLC_TP_Title\" data-dslc-module-size=\"12\" data-dslc-anim=\"none\" data-dslc-anim-delay=\"\" data-dslc-anim-duration=\"650\"  data-dslc-anim-easing=\"ease\" data-dslc-preset=\"none\" >\n\n\t\t\t\n\t\t\t\n\t\t\n\t\t\t\t<div class=\"dslc-tp-title\"><h1>Nossa Hist\u00f3ria<\/h1><\/div>\n\n\t\t\t\n\t\t\t\t<\/div><!-- .dslc-module -->\n\t\t\n\t\t<div id=\"dslc-module-e7219b35c5c\" class=\"dslc-module-front dslc-module-DSLC_Text_Simple dslc-in-viewport-check dslc-in-viewport-anim-none  dslc-col dslc-12-col dslc-last-col  dslc-module-handle-like-regular \" data-module-id=\"e7219b35c5c\" data-module=\"DSLC_Text_Simple\" data-dslc-module-size=\"12\" data-dslc-anim=\"none\" data-dslc-anim-delay=\"\" data-dslc-anim-duration=\"650\"  data-dslc-anim-easing=\"ease\" data-dslc-preset=\"none\" >\n\n\t\t\t\n\t\t\t\n\t\t\n\t\t<div class=\"dslc-text-module-content\">\n\t\t\tA for\u00e7a das mulheres extrativistas \u00e9 o que move o trabalho da Associa\u00e7\u00e3o das Catadoras de Mangaba e Indiaroba (Ascamai), a primeira associa\u00e7\u00e3o de Catadoras de Mangaba registrada em Sergipe, criada em 23 de maio de 2009, com o objetivo de organizar as mulheres extrativistas tradicionais da mangaba no munic\u00edpio de Indiaroba para, atrav\u00e9s da organiza\u00e7\u00e3o coletiva, produzir e conservar essa cultura com pr\u00e1ticas sustent\u00e1veis em respeito ao meio ambiente, promovendo o desenvolvimento socioecon\u00f4mico e gerando renda.\n\nAtrav\u00e9s do Programa Socioambiental, a Ascamai foi apoiada pela Petrobras com contratos de patroc\u00ednios para a realiza\u00e7\u00e3o do projeto \u201cCatadoras de Mangaba, gerando renda e tecendo vida em Sergipe - Fase I e II\u201d, entre os anos de 2010 e 2015, com \u00e1rea de atua\u00e7\u00e3o em oito munic\u00edpios e 26 comunidades do estado de Sergipe. Durante a execu\u00e7\u00e3o desse projeto, 764 mulheres extrativistas foram cadastradas e passaram a compor esse importante lugar da auto-organiza\u00e7\u00e3o das Catadoras de Mangaba.\n\nA realiza\u00e7\u00e3o das a\u00e7\u00f5es do projeto garantiu a implanta\u00e7\u00e3o de quatro Unidades de Processamento de Frutos, da restinga e dos quintais, nos munic\u00edpios de Indiaroba, Est\u00e2ncia, Barra dos Coqueiros e Japaratuba. Al\u00e9m de uma grande visibilidade nacional e internacional para as Catadoras de Mangaba e um lindo trabalho de resgate cultural das hist\u00f3rias dessas mulheres, consolidado na grava\u00e7\u00e3o dos CD\u2019s \u201cCanto das Mangabeiras\u201d e \u201cQuero ver rodar, com as gri\u00f4s na restinga sergipana\u201d, e dos document\u00e1rios \u201cM\u00e3os que marcam\u201d, \u201cMulheres Mangabeiras\u201d - lan\u00e7ado durante o Festival Iberoamericano de Cinema Casa Curta-SE, posteriormente apresentado no Festival de Cinema Montpellier na Fran\u00e7a e no F\u00f3rum Mundial Social, na Turquia -, e \u201cCatadoras de Mangaba em movimento\u201d.\n\nAtualmente, a Ascamai firmou novo contrato de patroc\u00ednio com a Petrobras para desenvolver o projeto \u201cRede Solid\u00e1ria de Mulheres de Sergipe\u201d. O projeto Rede tem previs\u00e3o de dura\u00e7\u00e3o de 27 meses, envolvendo inicialmente 400 mulheres das \u00e1reas extrativistas da mangaba e do munic\u00edpio de Carm\u00f3polis, com objetivo de promover o desenvolvimento de compet\u00eancias socioprofissionais, numa perspectiva de educa\u00e7\u00e3o para o trabalho, enfatizando a valoriza\u00e7\u00e3o dos usos tradicionais e saberes da sociobiodiversidade em \u00e1reas urbanas e da restinga sergipana.\t\t<\/div>\n\n\t\t\n\t\t\t\t<\/div><!-- .dslc-module -->\n\t\t<\/div><\/div><\/div><\/div>","protected":false},"excerpt":{"rendered":"<p>Nossa Hist\u00f3ria A for\u00e7a das mulheres extrativistas \u00e9 o que move o trabalho da Associa\u00e7\u00e3o das Catadoras de Mangaba e Indiaroba (Ascamai), a primeira associa\u00e7\u00e3o de Catadoras de Mangaba registrada em Sergipe, criada em 23 de maio de 2009, com o objetivo de organizar as mulheres extrativistas tradicionais da mangaba no munic\u00edpio de Indiaroba para, [&hellip;]<\/p>\n","protected":false},"author":1,"featured_media":0,"parent":0,"menu_order":0,"comment_status":"closed","ping_status":"closed","template":"","meta":[],"_links":{"self":[{"href":"https:\/\/ascamai.com.br\/index.php?rest_route=\/wp\/v2\/pages\/116"}],"collection":[{"href":"https:\/\/ascamai.com.br\/index.php?rest_route=\/wp\/v2\/pages"}],"about":[{"href":"https:\/\/ascamai.com.br\/index.php?rest_route=\/wp\/v2\/types\/page"}],"author":[{"embeddable":true,"href":"https:\/\/ascamai.com.br\/index.php?rest_route=\/wp\/v2\/users\/1"}],"replies":[{"embeddable":true,"href":"https:\/\/ascamai.com.br\/index.php?rest_route=%2Fwp%2Fv2%2Fcomments&post=116"}],"version-history":[{"count":1,"href":"https:\/\/ascamai.com.br\/index.php?rest_route=\/wp\/v2\/pages\/116\/revisions"}],"predecessor-version":[{"id":117,"href":"https:\/\/ascamai.com.br\/index.php?rest_route=\/wp\/v2\/pages\/116\/revisions\/117"}],"wp:attachment":[{"href":"https:\/\/ascamai.com.br\/index.php?rest_route=%2Fwp%2Fv2%2Fmedia&parent=116"}],"curies":[{"name":"wp","href":"https:\/\/api.w.org\/{rel}","templated":true}]}}