{"id":114,"date":"2018-07-23T16:31:24","date_gmt":"2018-07-23T16:31:24","guid":{"rendered":"http:\/\/ascamai.com.br\/?page_id=114"},"modified":"2018-07-30T12:51:42","modified_gmt":"2018-07-30T12:51:42","slug":"onde-estamos","status":"publish","type":"page","link":"https:\/\/ascamai.com.br\/?page_id=114","title":{"rendered":"Onde Estamos"},"content":{"rendered":"<div id=\"dslc-main\">\n\t\t<div  class=\"dslc-modules-section \" style=\"background-image:url(https:\/\/ascamai.com.br\/wp-content\/uploads\/2018\/07\/asc_background.png);\" data-section-id=\"95201c0ebcd\">\n\t\t\t\t\n\t\t\t\t\n\t\t\t\t<div class=\"dslc-modules-section-wrapper dslc-clearfix\"><div class=\"dslc-modules-area dslc-col dslc-12-col dslc-last-col\" data-size=\"12\" data-valign=\"\">\n\t\t<div id=\"dslc-module-e12c1fa9c84\" class=\"dslc-module-front dslc-module-DSLC_TP_Title dslc-in-viewport-check dslc-in-viewport-anim-none  dslc-col dslc-12-col dslc-last-col  dslc-module-handle-like-regular \" data-module-id=\"e12c1fa9c84\" data-module=\"DSLC_TP_Title\" data-dslc-module-size=\"12\" data-dslc-anim=\"none\" data-dslc-anim-delay=\"0\" data-dslc-anim-duration=\"650\"  data-dslc-anim-easing=\"ease\" data-dslc-preset=\"none\" >\n\n\t\t\t\n\t\t\t\n\t\t\n\t\t\t\t<div class=\"dslc-tp-title\"><h1>Onde Estamos<\/h1><\/div>\n\n\t\t\t\n\t\t\t\t<\/div><!-- .dslc-module -->\n\t\t\n\t\t<div id=\"dslc-module-70752433d24\" class=\"dslc-module-front dslc-module-DSLC_Text_Simple dslc-in-viewport-check dslc-in-viewport-anim-none  dslc-col dslc-6-col  dslc-module-handle-like-regular \" data-module-id=\"70752433d24\" data-module=\"DSLC_Text_Simple\" data-dslc-module-size=\"6\" data-dslc-anim=\"none\" data-dslc-anim-delay=\"\" data-dslc-anim-duration=\"650\"  data-dslc-anim-easing=\"ease\" data-dslc-preset=\"none\" >\n\n\t\t\t\n\t\t\t\n\t\t\n\t\t<div class=\"dslc-text-module-content\">\n\t\t\t<h3>Regi\u00e3o Sul de Sergipe<\/h3><p>1 - Unidade do Povoado Ribuleirinha, S\/N\u00b0, Ap\u00f3s a Praia do Abais. Est\u00e2ncia, SE. Ponto de refer\u00eancia: Condom\u00ednio Villa das \u00c1guas<\/p><p>2- Unidade do Povoado Manoel\/ Estrada da praia do Abais, S\/N\u00b0. Est\u00e2ncia, SE.<\/p><p>3- Pontal: Rua da Alegria, 138 DT Pontal, Indiaroba-SE.<\/p><h3>Regi\u00e3o Norte de Sergipe<\/h3><p>1 - Rua Nova, S\/N\u00b0 povoado Capo\u00e3 - Barra dos Coqueiros, SE.<\/p><p>2- Estrada secund\u00e1ria S\/N\u00b0 Povoado Porteiras munic\u00edpio de Japaratuba, SE.<\/p>\t\t<\/div>\n\n\t\t\n\t\t\t\t<\/div><!-- .dslc-module -->\n\t\t\n\t\t<div id=\"dslc-module-18bab14b85a\" class=\"dslc-module-front dslc-module-DSLC_Image dslc-in-viewport-check dslc-in-viewport-anim-none  dslc-col dslc-6-col dslc-last-col  dslc-module-handle-like-regular \" data-module-id=\"18bab14b85a\" data-module=\"DSLC_Image\" data-dslc-module-size=\"6\" data-dslc-anim=\"none\" data-dslc-anim-delay=\"\" data-dslc-anim-duration=\"650\"  data-dslc-anim-easing=\"ease\" data-dslc-preset=\"none\" >\n\n\t\t\t\n\t\t\t\n\t\t\t\t<div class=\"dslc-image-container\">\n\t\t<div class=\"dslc-image\">\n\n\t\t\t\n\t\t\t\t\n\t\t\t\t\t\t\t\t\t<img src=\"https:\/\/ascamai.com.br\/wp-content\/uploads\/2018\/07\/asc_mapa.png\" alt=\"\" title=\"\" srcset=\"https:\/\/ascamai.com.br\/wp-content\/uploads\/2018\/07\/asc_mapa.png 600w, https:\/\/ascamai.com.br\/wp-content\/uploads\/2018\/07\/asc_mapa-150x150.png 150w, https:\/\/ascamai.com.br\/wp-content\/uploads\/2018\/07\/asc_mapa-300x300.png 300w\" sizes=\"(max-width: 600px) 100vw, 600px\" \/>\n\t\t\t\t\n\t\t\t\t\t\t\t\t\t<\/div><!-- .dslc-image -->\n\t\t<\/div>\n\t\t\n\t\t\t\t<\/div><!-- .dslc-module -->\n\t\t<\/div><\/div><\/div><\/div>","protected":false},"excerpt":{"rendered":"<p>Onde Estamos Regi\u00e3o Sul de Sergipe1 &#8211; Unidade do Povoado Ribuleirinha, S\/N\u00b0, Ap\u00f3s a Praia do Abais. Est\u00e2ncia, SE. Ponto de refer\u00eancia: Condom\u00ednio Villa das \u00c1guas2- Unidade do Povoado Manoel\/ Estrada da praia do Abais, S\/N\u00b0. Est\u00e2ncia, SE.3- Pontal: Rua da Alegria, 138 DT Pontal, Indiaroba-SE.Regi\u00e3o Norte de Sergipe1 &#8211; Rua Nova, S\/N\u00b0 povoado Capo\u00e3 [&hellip;]<\/p>\n","protected":false},"author":1,"featured_media":0,"parent":0,"menu_order":0,"comment_status":"closed","ping_status":"closed","template":"","meta":[],"_links":{"self":[{"href":"https:\/\/ascamai.com.br\/index.php?rest_route=\/wp\/v2\/pages\/114"}],"collection":[{"href":"https:\/\/ascamai.com.br\/index.php?rest_route=\/wp\/v2\/pages"}],"about":[{"href":"https:\/\/ascamai.com.br\/index.php?rest_route=\/wp\/v2\/types\/page"}],"author":[{"embeddable":true,"href":"https:\/\/ascamai.com.br\/index.php?rest_route=\/wp\/v2\/users\/1"}],"replies":[{"embeddable":true,"href":"https:\/\/ascamai.com.br\/index.php?rest_route=%2Fwp%2Fv2%2Fcomments&post=114"}],"version-history":[{"count":1,"href":"https:\/\/ascamai.com.br\/index.php?rest_route=\/wp\/v2\/pages\/114\/revisions"}],"predecessor-version":[{"id":115,"href":"https:\/\/ascamai.com.br\/index.php?rest_route=\/wp\/v2\/pages\/114\/revisions\/115"}],"wp:attachment":[{"href":"https:\/\/ascamai.com.br\/index.php?rest_route=%2Fwp%2Fv2%2Fmedia&parent=114"}],"curies":[{"name":"wp","href":"https:\/\/api.w.org\/{rel}","templated":true}]}}